{"id":56,"date":"2020-08-05T08:22:23","date_gmt":"2020-08-05T08:22:23","guid":{"rendered":"http:\/\/www.norddrebber.com\/?page_id=56"},"modified":"2022-11-16T20:40:26","modified_gmt":"2022-11-16T19:40:26","slug":"historie","status":"publish","type":"page","link":"https:\/\/www.norddrebber.de\/herzlich-willkommen\/herzlich-willkommen\/foerderverein\/historie\/","title":{"rendered":"Historie"},"content":{"rendered":"\n<p class=\"has-large-font-size\"><strong>F\u00f6rderverein Norddrebber e. V. \u2013 \u201eVerein f\u00fcr Brauchtum und Heimatpflege\u201c<\/strong><\/p>\n\n\n\n<p class=\"has-medium-font-size\">F\u00f6rderverein Norddrebber e. V. \u2013 \u201eVerein f\u00fcr Brauchtum und Heimatpflege\u201c<br \/> ist der Name und gleichzeitig auch das Motto des neu gegr\u00fcndeten<br \/> Dachverbandes der \u00f6rtlichen Vereine und Verb\u00e4nde im Verbund mit der<br \/> Dorfgemeinschaft in Norddrebber.<br \/> Hervorgegangen ist er aus dem \u00f6rtlichen Sch\u00fctzenverein, der Feuerwehr und dem<br \/> Gesangverein Norddrebber, deren Mitglieder zusammen mit der Dorfgemeinschaft<br \/> von 1999 bis 2001 das neue Dorfgemeinschaftshaus Norddrebber haben entstehen lassen.<br \/> Die Aufgaben und Interessen der \u00f6rtlichen Vereine und Verb\u00e4nde bleiben von dem<br \/> neuen Verein unber\u00fchrt. Aufgabe des neuen F\u00f6rdervereins ist vorrangig die Verwaltung und Unterhaltung des Dorfgemeinschaftshauses sowie der dazu geh\u00f6renden Liegenschaften.<br \/> Weiterer Zweck des Vereins ist neben der Wahrnehmung kultureller Aufgaben im Dorf die Kinder,- und Jugendpflege, sowie die F\u00f6rderung der Heimatpflege und Heimatkunde in der Region Norddrebber.<br \/> Nach der Gr\u00fcndungsversammlung im M\u00e4rz 2004 sowie der ersten Mitgliederversammlung im Mai desselben Jahres, auf dem der neue Vorstand gew\u00e4hlt wurde, folgte die Eintragung<br \/> in das Vereinsregister beim Amtsgericht Walsrode vom Juni und die Anerkennung \u00fcber<br \/> die Gemeinn\u00fctzigkeit der Vereinsziele beim Finanzamt Soltau im August 2004.<br \/> Als dann im Dezember 2004 mit der Samtgemeinde Schwarmstedt und mit der Gemeinde<br \/> Gilten der Vertrag \u00fcber die Nutzung des Dorfgemeinschaftshauses unterzeichnet war,<br \/> konnte der F\u00f6rderverein ab Januar 2005 seine satzungsgem\u00e4\u00dfen Ziele in Angriff nehmen.<\/p>\n\n\n\n<p>Text: Willi Timrott<\/p>\n\n\n\n<p><strong>Die Sprecher der Dorfgemeinschaft:<\/strong> (Mitglied des Vorstandes des F\u00f6rdervereins)<\/p>\n\n\n\n<p>1978 &#8211; 2003: Fritz Schiesgeries<br \/>2003 &#8211; 2012: Willi Timrott <br \/>2012 &#8211; 2021: Dr. Stefan Dreesmann<br \/>2021 &#8211;         : Dr. Kai Timrott<\/p>\n\n\n\n<p><br \/><\/p>\n\n\n\n<p class=\"has-large-font-size\"><strong>Spiel ohne Grenzen:<\/strong><\/p>\n\n\n\n<p>Spiel ohne Grenzen: Unter dem Motto &#8222;Freundschaft \u00fcber Grenzen hinaus&#8220; wurde im Sommer 1978 die Idee von Otto Heinemann aus St\u00f6ckendrebber umgesetzt, im &#8222;Drei Kreise Eck&#8220; der damaligen Landkreis Neustadt am R\u00fcbenberge, Nienburg und Fallingbostel mit den D\u00f6rfern. St\u00f6ckendrebber, Niedernst\u00f6cken, Suderbruch, Norddrebber und Rodewald im Wechsel von zwei Jahren ein &#8222;Spiel ohne Grenzen&#8220; zu veranstalten.<br \/>Da diese Veranstaltung bei den beteiligten Orten gut ankam, regten die Beteiligten kurz darauf an, an einem geeigneten Platz einen &#8222;Drei-Kreise-Stein&#8220; aufzustellen. Daraufhin wurde ein 70 Zentner schwerer Findling an dem Schnittpunkt der drei Landkreise bei der Haidm\u00fchle aufgestellt und feierlich enth\u00fcllt.<br \/>Seit diesem Zeit findet im zweij\u00e4hrigen Wechsel in den D\u00f6rfern um das &#8222;Drei-Kreise-Eck&#8220; das &#8222;Spiel ohne Grenze&#8220; statt und im Jahr dazwischen ein Treffen am Grenzstein, das jeweils von dem im Folgejahr ausrichtenden Dorf des &#8222;Spiel ohne Grenzen&#8220; ausgerichtet wird.<br \/>Beides dient der Pflege und Vertiefung gut nachbarschaftlicher Beziehungen und freundschaftlicher Begegnung der durch Verwaltungsgrenzen geteilten D\u00f6rfer, um sich nicht durch bestehende Grenzen trennen zulassen.<br \/>1978 &#8211; St\u00f6ckendrebber<br \/>1979 &#8211; Rodewald<br \/>1981 &#8211; Suderbruch<br \/>1983 &#8211; Norddrebber<br \/>1984 &#8211; Steineinweihung, Drei-Kreise-Stein<br \/>1985 &#8211; Niedernst\u00f6cken<br \/>1987 &#8211; St\u00f6ckendrebber<br \/>1989 &#8211; Rodewald<br \/>1991 &#8211; Suderbruch<br \/>1993 &#8211; Norddrebber<br \/>1995 &#8211; Niedernst\u00f6cken<br \/>1997 &#8211; St\u00f6ckendrebber<br \/>1999 &#8211; Rodewald<br \/>2001 &#8211; Suderbruch<br \/>2003 &#8211; Norddrebber<br \/>2005 &#8211; Niedernst\u00f6cken<br \/>2007 &#8211; St\u00f6ckendrebber<br \/>2009 &#8211; Rodewald<br \/>2011 &#8211; Suderbruch<br \/>2013 &#8211; Norddrebber<br \/>2015 &#8211; Niedernst\u00f6cken<br \/>2017 &#8211; St\u00f6ckendrebber<br \/>2019 &#8211; (Coronabedingt leider ausgefallen)<br \/>2022 &#8211; Rodewald<br \/>2024 &#8211; Suderbruch (geplant)<br \/><br \/>Text: Willi Timrott<\/p>\n","protected":false},"excerpt":{"rendered":"<p>F\u00f6rderverein Norddrebber e. V. \u2013 \u201eVerein f\u00fcr Brauchtum und Heimatpflege\u201c F\u00f6rderverein Norddrebber e. V. \u2013 \u201eVerein f\u00fcr Brauchtum und Heimatpflege\u201c ist der Name und gleichzeitig auch das Motto des neu gegr\u00fcndeten Dachverbandes der \u00f6rtlichen Vereine und Verb\u00e4nde im Verbund mit der Dorfgemeinschaft in Norddrebber. Hervorgegangen ist er aus dem \u00f6rtlichen Sch\u00fctzenverein, der Feuerwehr und dem&#8230;<\/p>\n","protected":false},"author":1,"featured_media":0,"parent":19,"menu_order":1,"comment_status":"closed","ping_status":"closed","template":"","meta":{"footnotes":""},"class_list":["post-56","page","type-page","status-publish","hentry"],"_links":{"self":[{"href":"https:\/\/www.norddrebber.de\/herzlich-willkommen\/herzlich-willkommen\/wp-json\/wp\/v2\/pages\/56","targetHints":{"allow":["GET"]}}],"collection":[{"href":"https:\/\/www.norddrebber.de\/herzlich-willkommen\/herzlich-willkommen\/wp-json\/wp\/v2\/pages"}],"about":[{"href":"https:\/\/www.norddrebber.de\/herzlich-willkommen\/herzlich-willkommen\/wp-json\/wp\/v2\/types\/page"}],"author":[{"embeddable":true,"href":"https:\/\/www.norddrebber.de\/herzlich-willkommen\/herzlich-willkommen\/wp-json\/wp\/v2\/users\/1"}],"replies":[{"embeddable":true,"href":"https:\/\/www.norddrebber.de\/herzlich-willkommen\/herzlich-willkommen\/wp-json\/wp\/v2\/comments?post=56"}],"version-history":[{"count":22,"href":"https:\/\/www.norddrebber.de\/herzlich-willkommen\/herzlich-willkommen\/wp-json\/wp\/v2\/pages\/56\/revisions"}],"predecessor-version":[{"id":3909,"href":"https:\/\/www.norddrebber.de\/herzlich-willkommen\/herzlich-willkommen\/wp-json\/wp\/v2\/pages\/56\/revisions\/3909"}],"up":[{"embeddable":true,"href":"https:\/\/www.norddrebber.de\/herzlich-willkommen\/herzlich-willkommen\/wp-json\/wp\/v2\/pages\/19"}],"wp:attachment":[{"href":"https:\/\/www.norddrebber.de\/herzlich-willkommen\/herzlich-willkommen\/wp-json\/wp\/v2\/media?parent=56"}],"curies":[{"name":"wp","href":"https:\/\/api.w.org\/{rel}","templated":true}]}}